{"id":1140,"date":"2018-09-17T11:42:24","date_gmt":"2018-09-17T09:42:24","guid":{"rendered":"http:\/\/framo-eway.goliat-agentur.de\/?page_id=1140"},"modified":"2021-12-12T23:52:42","modified_gmt":"2021-12-12T22:52:42","slug":"imprint","status":"publish","type":"page","link":"https:\/\/www.framo-eway.com\/en\/imprint\/","title":{"rendered":"Imprint"},"content":{"rendered":"\n<p><strong>Besucheradresse und Lieferanschrift:<\/strong><\/p>\n\n\n\n<p>FRAMO GmbH<br>Leedenstra\u00dfe 2<br>04626 L\u00f6bichau<\/p>\n\n\n\n<p><strong>Sitz des Unternehmens:<\/strong><\/p>\n\n\n\n<p><span style=\"display: inline !important; float: none; background-color: transparent; color: #333333; cursor: text; font-family: 'Libre Franklin','Helvetica Neue',helvetica,arial,sans-serif; font-size: 16px; font-style: normal; font-variant: normal; font-weight: 400; letter-spacing: normal; orphans: 2; text-align: left; text-decoration: none; text-indent: 0px; text-transform: none; -webkit-text-stroke-width: 0px; white-space: normal; word-spacing: 0px;\">FRAMO GmbH<\/span><br><span style=\"display: inline !important; float: none; background-color: transparent; color: #333333; cursor: text; font-family: 'Libre Franklin','Helvetica Neue',helvetica,arial,sans-serif; font-size: 16px; font-style: normal; font-variant: normal; font-weight: 400; letter-spacing: normal; orphans: 2; text-align: left; text-decoration: none; text-indent: 0px; text-transform: none; -webkit-text-stroke-width: 0px; white-space: normal; word-spacing: 0px;\">Leedenstra\u00dfe 2<\/span><br><span style=\"display: inline !important; float: none; background-color: transparent; color: #333333; cursor: text; font-family: 'Libre Franklin','Helvetica Neue',helvetica,arial,sans-serif; font-size: 16px; font-style: normal; font-variant: normal; font-weight: 400; letter-spacing: normal; orphans: 2; text-align: left; text-decoration: none; text-indent: 0px; text-transform: none; -webkit-text-stroke-width: 0px; white-space: normal; word-spacing: 0px;\">04626 L\u00f6bichau<\/span><\/p>\n\n\n\n<p><strong>Angaben gem\u00e4\u00df \u00a7 5 TMG:<\/strong><\/p>\n\n\n\n<p><span style=\"display: inline !important; float: none; background-color: transparent; color: #333333; cursor: text; font-family: 'Libre Franklin','Helvetica Neue',helvetica,arial,sans-serif; font-size: 16px; font-style: normal; font-variant: normal; font-weight: 400; letter-spacing: normal; orphans: 2; text-align: left; text-decoration: none; text-indent: 0px; text-transform: none; -webkit-text-stroke-width: 0px; white-space: normal; word-spacing: 0px;\">FRAMO GmbH<\/span><br><span style=\"display: inline !important; float: none; background-color: transparent; color: #333333; cursor: text; font-family: 'Libre Franklin','Helvetica Neue',helvetica,arial,sans-serif; font-size: 16px; font-style: normal; font-variant: normal; font-weight: 400; letter-spacing: normal; orphans: 2; text-align: left; text-decoration: none; text-indent: 0px; text-transform: none; -webkit-text-stroke-width: 0px; white-space: normal; word-spacing: 0px;\">Leedenstra\u00dfe 2<\/span><br><span style=\"display: inline !important; float: none; background-color: transparent; color: #333333; cursor: text; font-family: 'Libre Franklin','Helvetica Neue',helvetica,arial,sans-serif; font-size: 16px; font-style: normal; font-variant: normal; font-weight: 400; letter-spacing: normal; orphans: 2; text-align: left; text-decoration: none; text-indent: 0px; text-transform: none; -webkit-text-stroke-width: 0px; white-space: normal; word-spacing: 0px;\">04626 L\u00f6bichau \/ Th\u00fcringen <\/span>\/ Germany<\/p>\n\n\n\n<p><strong>Vertreten durch den Gesch\u00e4ftsf\u00fchrer:<\/strong><\/p>\n\n\n\n<p>Makmie Jebrahim, Elarbi Saidi<\/p>\n\n\n\n<p><strong>Kontakt:<\/strong><\/p>\n\n\n\n<p>Telefon: +49 36602 4733 0<br>Telefax: +49 36602 4733 49<br>E-Mail: info@framo-eway.com<\/p>\n\n\n\n<p><strong>Registereintrag:<\/strong><\/p>\n\n\n\n<p>Eintragung im Handelsregister.<br>Registergericht: Amtsgericht Chemnitz<br>Registernummer: HRB 28986<br>Umsatzsteuer-Identifikationsnummer gem\u00e4\u00df \u00a727 a Umsatzsteuergesetz:<br>DE296171340<\/p>\n\n\n\n<p><strong>Quellenangaben f\u00fcr die verwendeten Bilder und Grafiken:<\/strong><\/p>\n\n\n\n<p>\u00a9 FRAMO GmbH<br>Presse: divers (siehe Quellangaben der jeweiligen Artikel)<\/p>\n","protected":false},"excerpt":{"rendered":"<p>Besucheradresse und Lieferanschrift: FRAMO GmbHLeedenstra\u00dfe 204626 L\u00f6bichau Sitz des Unternehmens: FRAMO GmbHLeedenstra\u00dfe 204626 L\u00f6bichau Angaben gem\u00e4\u00df \u00a7 5 TMG: FRAMO GmbHLeedenstra\u00dfe 204626 L\u00f6bichau \/ Th\u00fcringen \/ Germany Vertreten durch den Gesch\u00e4ftsf\u00fchrer: Makmie Jebrahim, Elarbi Saidi Kontakt: Telefon: +49 36602 4733 0Telefax: +49 36602 4733 49E-Mail: info@framo-eway.com Registereintrag: Eintragung im Handelsregister.Registergericht: Amtsgericht ChemnitzRegisternummer: HRB 28986Umsatzsteuer-Identifikationsnummer gem\u00e4\u00df [&hellip;]<\/p>\n","protected":false},"author":1,"featured_media":0,"parent":0,"menu_order":0,"comment_status":"closed","ping_status":"closed","template":"","meta":[],"yoast_head":"<!-- This site is optimized with the Yoast SEO plugin v19.9 - https:\/\/yoast.com\/wordpress\/plugins\/seo\/ -->\n<title>Imprint - FRAMO eTrucks<\/title>\n<meta name=\"robots\" content=\"noindex, nofollow\" \/>\n<meta property=\"og:locale\" content=\"en_US\" \/>\n<meta property=\"og:type\" content=\"article\" \/>\n<meta property=\"og:title\" content=\"Imprint - FRAMO eTrucks\" \/>\n<meta property=\"og:description\" content=\"Besucheradresse und Lieferanschrift: FRAMO GmbHLeedenstra\u00dfe 204626 L\u00f6bichau Sitz des Unternehmens: FRAMO GmbHLeedenstra\u00dfe 204626 L\u00f6bichau Angaben gem\u00e4\u00df \u00a7 5 TMG: FRAMO GmbHLeedenstra\u00dfe 204626 L\u00f6bichau \/ Th\u00fcringen \/ Germany Vertreten durch den Gesch\u00e4ftsf\u00fchrer: Makmie Jebrahim, Elarbi Saidi Kontakt: Telefon: +49 36602 4733 0Telefax: +49 36602 4733 49E-Mail: info@framo-eway.com Registereintrag: Eintragung im Handelsregister.Registergericht: Amtsgericht ChemnitzRegisternummer: HRB 28986Umsatzsteuer-Identifikationsnummer gem\u00e4\u00df [&hellip;]\" \/>\n<meta property=\"og:url\" content=\"https:\/\/www.framo-eway.com\/en\/imprint\/\" \/>\n<meta property=\"og:site_name\" content=\"FRAMO eTrucks\" \/>\n<meta property=\"article:publisher\" content=\"https:\/\/www.facebook.com\/DriveYourEWay\/\" \/>\n<meta property=\"article:modified_time\" content=\"2021-12-12T22:52:42+00:00\" \/>\n<meta property=\"og:image\" content=\"https:\/\/www.framo-eway.com\/wp-content\/uploads\/2021\/12\/46161809_1878457262272986_8098737508981932032_n-scaled.jpg\" \/>\n\t<meta property=\"og:image:width\" content=\"2560\" \/>\n\t<meta property=\"og:image:height\" content=\"974\" \/>\n\t<meta property=\"og:image:type\" content=\"image\/jpeg\" \/>\n<meta name=\"twitter:card\" content=\"summary_large_image\" \/>\n<meta name=\"twitter:site\" content=\"@ewayframo\" \/>\n<meta name=\"twitter:label1\" content=\"Est. reading time\" \/>\n\t<meta name=\"twitter:data1\" content=\"1 minute\" \/>\n<script type=\"application\/ld+json\" class=\"yoast-schema-graph\">{\"@context\":\"https:\/\/schema.org\",\"@graph\":[{\"@type\":\"WebPage\",\"@id\":\"https:\/\/www.framo-eway.com\/en\/imprint\/\",\"url\":\"https:\/\/www.framo-eway.com\/en\/imprint\/\",\"name\":\"Imprint - FRAMO eTrucks\",\"isPartOf\":{\"@id\":\"https:\/\/www.framo-eway.com\/en\/#website\"},\"datePublished\":\"2018-09-17T09:42:24+00:00\",\"dateModified\":\"2021-12-12T22:52:42+00:00\",\"breadcrumb\":{\"@id\":\"https:\/\/www.framo-eway.com\/en\/imprint\/#breadcrumb\"},\"inLanguage\":\"en-US\",\"potentialAction\":[{\"@type\":\"ReadAction\",\"target\":[\"https:\/\/www.framo-eway.com\/en\/imprint\/\"]}]},{\"@type\":\"BreadcrumbList\",\"@id\":\"https:\/\/www.framo-eway.com\/en\/imprint\/#breadcrumb\",\"itemListElement\":[{\"@type\":\"ListItem\",\"position\":1,\"name\":\"Home\",\"item\":\"https:\/\/www.framo-eway.com\/en\/\"},{\"@type\":\"ListItem\",\"position\":2,\"name\":\"Imprint\"}]},{\"@type\":\"WebSite\",\"@id\":\"https:\/\/www.framo-eway.com\/en\/#website\",\"url\":\"https:\/\/www.framo-eway.com\/en\/\",\"name\":\"FRAMO eTrucks\",\"description\":\"Drive your eWay\",\"publisher\":{\"@id\":\"https:\/\/www.framo-eway.com\/en\/#organization\"},\"potentialAction\":[{\"@type\":\"SearchAction\",\"target\":{\"@type\":\"EntryPoint\",\"urlTemplate\":\"https:\/\/www.framo-eway.com\/en\/?s={search_term_string}\"},\"query-input\":\"required name=search_term_string\"}],\"inLanguage\":\"en-US\"},{\"@type\":\"Organization\",\"@id\":\"https:\/\/www.framo-eway.com\/en\/#organization\",\"name\":\"FRAMO GmbH\",\"url\":\"https:\/\/www.framo-eway.com\/en\/\",\"logo\":{\"@type\":\"ImageObject\",\"inLanguage\":\"en-US\",\"@id\":\"https:\/\/www.framo-eway.com\/en\/#\/schema\/logo\/image\/\",\"url\":\"https:\/\/www.framo-eway.com\/wp-content\/uploads\/2021\/12\/favicon.png\",\"contentUrl\":\"https:\/\/www.framo-eway.com\/wp-content\/uploads\/2021\/12\/favicon.png\",\"width\":100,\"height\":100,\"caption\":\"FRAMO GmbH\"},\"image\":{\"@id\":\"https:\/\/www.framo-eway.com\/en\/#\/schema\/logo\/image\/\"},\"sameAs\":[\"https:\/\/www.instagram.com\/framo_eway\/\",\"https:\/\/www.linkedin.com\/company\/framo-gmbh\/\",\"https:\/\/www.youtube.com\/channel\/UCC04KAkGMDQkg_zNopupgew\",\"https:\/\/de.wikipedia.org\/wiki\/Framo\",\"https:\/\/www.facebook.com\/DriveYourEWay\/\",\"https:\/\/twitter.com\/ewayframo\"]}]}<\/script>\n<!-- \/ Yoast SEO plugin. -->","yoast_head_json":{"title":"Imprint - FRAMO eTrucks","robots":{"index":"noindex","follow":"nofollow"},"og_locale":"en_US","og_type":"article","og_title":"Imprint - FRAMO eTrucks","og_description":"Besucheradresse und Lieferanschrift: FRAMO GmbHLeedenstra\u00dfe 204626 L\u00f6bichau Sitz des Unternehmens: FRAMO GmbHLeedenstra\u00dfe 204626 L\u00f6bichau Angaben gem\u00e4\u00df \u00a7 5 TMG: FRAMO GmbHLeedenstra\u00dfe 204626 L\u00f6bichau \/ Th\u00fcringen \/ Germany Vertreten durch den Gesch\u00e4ftsf\u00fchrer: Makmie Jebrahim, Elarbi Saidi Kontakt: Telefon: +49 36602 4733 0Telefax: +49 36602 4733 49E-Mail: info@framo-eway.com Registereintrag: Eintragung im Handelsregister.Registergericht: Amtsgericht ChemnitzRegisternummer: HRB 28986Umsatzsteuer-Identifikationsnummer gem\u00e4\u00df [&hellip;]","og_url":"https:\/\/www.framo-eway.com\/en\/imprint\/","og_site_name":"FRAMO eTrucks","article_publisher":"https:\/\/www.facebook.com\/DriveYourEWay\/","article_modified_time":"2021-12-12T22:52:42+00:00","og_image":[{"width":2560,"height":974,"url":"https:\/\/www.framo-eway.com\/wp-content\/uploads\/2021\/12\/46161809_1878457262272986_8098737508981932032_n-scaled.jpg","type":"image\/jpeg"}],"twitter_card":"summary_large_image","twitter_site":"@ewayframo","twitter_misc":{"Est. reading time":"1 minute"},"schema":{"@context":"https:\/\/schema.org","@graph":[{"@type":"WebPage","@id":"https:\/\/www.framo-eway.com\/en\/imprint\/","url":"https:\/\/www.framo-eway.com\/en\/imprint\/","name":"Imprint - FRAMO eTrucks","isPartOf":{"@id":"https:\/\/www.framo-eway.com\/en\/#website"},"datePublished":"2018-09-17T09:42:24+00:00","dateModified":"2021-12-12T22:52:42+00:00","breadcrumb":{"@id":"https:\/\/www.framo-eway.com\/en\/imprint\/#breadcrumb"},"inLanguage":"en-US","potentialAction":[{"@type":"ReadAction","target":["https:\/\/www.framo-eway.com\/en\/imprint\/"]}]},{"@type":"BreadcrumbList","@id":"https:\/\/www.framo-eway.com\/en\/imprint\/#breadcrumb","itemListElement":[{"@type":"ListItem","position":1,"name":"Home","item":"https:\/\/www.framo-eway.com\/en\/"},{"@type":"ListItem","position":2,"name":"Imprint"}]},{"@type":"WebSite","@id":"https:\/\/www.framo-eway.com\/en\/#website","url":"https:\/\/www.framo-eway.com\/en\/","name":"FRAMO eTrucks","description":"Drive your eWay","publisher":{"@id":"https:\/\/www.framo-eway.com\/en\/#organization"},"potentialAction":[{"@type":"SearchAction","target":{"@type":"EntryPoint","urlTemplate":"https:\/\/www.framo-eway.com\/en\/?s={search_term_string}"},"query-input":"required name=search_term_string"}],"inLanguage":"en-US"},{"@type":"Organization","@id":"https:\/\/www.framo-eway.com\/en\/#organization","name":"FRAMO GmbH","url":"https:\/\/www.framo-eway.com\/en\/","logo":{"@type":"ImageObject","inLanguage":"en-US","@id":"https:\/\/www.framo-eway.com\/en\/#\/schema\/logo\/image\/","url":"https:\/\/www.framo-eway.com\/wp-content\/uploads\/2021\/12\/favicon.png","contentUrl":"https:\/\/www.framo-eway.com\/wp-content\/uploads\/2021\/12\/favicon.png","width":100,"height":100,"caption":"FRAMO GmbH"},"image":{"@id":"https:\/\/www.framo-eway.com\/en\/#\/schema\/logo\/image\/"},"sameAs":["https:\/\/www.instagram.com\/framo_eway\/","https:\/\/www.linkedin.com\/company\/framo-gmbh\/","https:\/\/www.youtube.com\/channel\/UCC04KAkGMDQkg_zNopupgew","https:\/\/de.wikipedia.org\/wiki\/Framo","https:\/\/www.facebook.com\/DriveYourEWay\/","https:\/\/twitter.com\/ewayframo"]}]}},"_links":{"self":[{"href":"https:\/\/www.framo-eway.com\/en\/wp-json\/wp\/v2\/pages\/1140"}],"collection":[{"href":"https:\/\/www.framo-eway.com\/en\/wp-json\/wp\/v2\/pages"}],"about":[{"href":"https:\/\/www.framo-eway.com\/en\/wp-json\/wp\/v2\/types\/page"}],"author":[{"embeddable":true,"href":"https:\/\/www.framo-eway.com\/en\/wp-json\/wp\/v2\/users\/1"}],"replies":[{"embeddable":true,"href":"https:\/\/www.framo-eway.com\/en\/wp-json\/wp\/v2\/comments?post=1140"}],"version-history":[{"count":9,"href":"https:\/\/www.framo-eway.com\/en\/wp-json\/wp\/v2\/pages\/1140\/revisions"}],"predecessor-version":[{"id":3436,"href":"https:\/\/www.framo-eway.com\/en\/wp-json\/wp\/v2\/pages\/1140\/revisions\/3436"}],"wp:attachment":[{"href":"https:\/\/www.framo-eway.com\/en\/wp-json\/wp\/v2\/media?parent=1140"}],"curies":[{"name":"wp","href":"https:\/\/api.w.org\/{rel}","templated":true}]}}