{"id":806,"date":"2018-09-12T15:26:53","date_gmt":"2018-09-12T13:26:53","guid":{"rendered":"http:\/\/framo-eway.goliat-agentur.de\/?page_id=806"},"modified":"2023-12-21T10:19:58","modified_gmt":"2023-12-21T09:19:58","slug":"impressum","status":"publish","type":"page","link":"https:\/\/www.framo-eway.com\/de\/impressum\/","title":{"rendered":"Impressum"},"content":{"rendered":"\n<p>Dieses Unternehmen wird aus Mitteln des europ\u00e4ischen Sozialfonds (ESF-Th\u00fcringen) und dem Land Th\u00fcringen (Th\u00fcringer Ministerium f\u00fcr Wirtschaft, Wissenschaft und digitale Gesellschaft) gef\u00f6rdert.<\/p>\n\n\n\n<p><strong>Besucheradresse und Lieferanschrift:<\/strong><\/p>\n\n\n\n<p>FRAMO GmbH<br>Leedenstra\u00dfe 2<br>04626 L\u00f6bichau<\/p>\n\n\n\n<p><strong>Sitz des Unternehmens:<\/strong><\/p>\n\n\n\n<p><span style=\"display: inline !important; float: none; background-color: transparent; color: #333333; cursor: text; font-family: 'Libre Franklin','Helvetica Neue',helvetica,arial,sans-serif; font-size: 16px; font-style: normal; font-variant: normal; font-weight: 400; letter-spacing: normal; orphans: 2; text-align: left; text-decoration: none; text-indent: 0px; text-transform: none; -webkit-text-stroke-width: 0px; white-space: normal; word-spacing: 0px;\">FRAMO GmbH<\/span><br><span style=\"display: inline !important; float: none; background-color: transparent; color: #333333; cursor: text; font-family: 'Libre Franklin','Helvetica Neue',helvetica,arial,sans-serif; font-size: 16px; font-style: normal; font-variant: normal; font-weight: 400; letter-spacing: normal; orphans: 2; text-align: left; text-decoration: none; text-indent: 0px; text-transform: none; -webkit-text-stroke-width: 0px; white-space: normal; word-spacing: 0px;\">Leedenstra\u00dfe 2<\/span><br><span style=\"display: inline !important; float: none; background-color: transparent; color: #333333; cursor: text; font-family: 'Libre Franklin','Helvetica Neue',helvetica,arial,sans-serif; font-size: 16px; font-style: normal; font-variant: normal; font-weight: 400; letter-spacing: normal; orphans: 2; text-align: left; text-decoration: none; text-indent: 0px; text-transform: none; -webkit-text-stroke-width: 0px; white-space: normal; word-spacing: 0px;\">04626 L\u00f6bichau<\/span><\/p>\n\n\n\n<p><strong>Angaben gem\u00e4\u00df \u00a7 5 TMG:<\/strong><\/p>\n\n\n\n<p><span style=\"display: inline !important; float: none; background-color: transparent; color: #333333; cursor: text; font-family: 'Libre Franklin','Helvetica Neue',helvetica,arial,sans-serif; font-size: 16px; font-style: normal; font-variant: normal; font-weight: 400; letter-spacing: normal; orphans: 2; text-align: left; text-decoration: none; text-indent: 0px; text-transform: none; -webkit-text-stroke-width: 0px; white-space: normal; word-spacing: 0px;\">FRAMO GmbH<\/span><br><span style=\"display: inline !important; float: none; background-color: transparent; color: #333333; cursor: text; font-family: 'Libre Franklin','Helvetica Neue',helvetica,arial,sans-serif; font-size: 16px; font-style: normal; font-variant: normal; font-weight: 400; letter-spacing: normal; orphans: 2; text-align: left; text-decoration: none; text-indent: 0px; text-transform: none; -webkit-text-stroke-width: 0px; white-space: normal; word-spacing: 0px;\">Leedenstra\u00dfe 2<\/span><br><span style=\"display: inline !important; float: none; background-color: transparent; color: #333333; cursor: text; font-family: 'Libre Franklin','Helvetica Neue',helvetica,arial,sans-serif; font-size: 16px; font-style: normal; font-variant: normal; font-weight: 400; letter-spacing: normal; orphans: 2; text-align: left; text-decoration: none; text-indent: 0px; text-transform: none; -webkit-text-stroke-width: 0px; white-space: normal; word-spacing: 0px;\">04626 L\u00f6bichau \/ Th\u00fcringen \/ Deutschland<\/span><\/p>\n\n\n\n<p><strong>Vertreten durch den Gesch\u00e4ftsf\u00fchrer:<\/strong><\/p>\n\n\n\n<p>Makmie Jebrahim<\/p>\n\n\n\n<p><strong>Kontakt:<\/strong><\/p>\n\n\n\n<p>Telefon: +49 36602 4733 0<br>Telefax: +49 36602 4733 49<br>E-Mail: info@framo-eway.com<\/p>\n\n\n\n<p><strong>Registereintrag:<\/strong><\/p>\n\n\n\n<p>Eintragung im Handelsregister.<br>Registergericht: Amtsgericht Chemnitz<br>Registernummer: HRB 28986<br>Umsatzsteuer-Identifikationsnummer gem\u00e4\u00df \u00a727 a Umsatzsteuergesetz:<br>DE296171340<\/p>\n\n\n\n<p><strong>Quellenangaben f\u00fcr die verwendeten Bilder und Grafiken:<\/strong><\/p>\n\n\n\n<p>\u00a9 FRAMO GmbH<br>Presse: divers (siehe Quellangaben der jeweiligen Artikel)<\/p>\n","protected":false},"excerpt":{"rendered":"<p>Dieses Unternehmen wird aus Mitteln des europ\u00e4ischen Sozialfonds (ESF-Th\u00fcringen) und dem Land Th\u00fcringen (Th\u00fcringer Ministerium f\u00fcr Wirtschaft, Wissenschaft und digitale Gesellschaft) gef\u00f6rdert. Besucheradresse und Lieferanschrift: FRAMO GmbHLeedenstra\u00dfe 204626 L\u00f6bichau Sitz des Unternehmens: FRAMO GmbHLeedenstra\u00dfe 204626 L\u00f6bichau Angaben gem\u00e4\u00df \u00a7 5 TMG: FRAMO GmbHLeedenstra\u00dfe 204626 L\u00f6bichau \/ Th\u00fcringen \/ Deutschland Vertreten durch den Gesch\u00e4ftsf\u00fchrer: Makmie Jebrahim [&hellip;]<\/p>\n","protected":false},"author":1,"featured_media":0,"parent":0,"menu_order":0,"comment_status":"closed","ping_status":"closed","template":"","meta":[],"yoast_head":"<!-- This site is optimized with the Yoast SEO plugin v19.9 - https:\/\/yoast.com\/wordpress\/plugins\/seo\/ -->\n<title>Impressum - FRAMO eTrucks<\/title>\n<meta name=\"robots\" content=\"noindex, nofollow\" \/>\n<meta property=\"og:locale\" content=\"de_DE\" \/>\n<meta property=\"og:type\" content=\"article\" \/>\n<meta property=\"og:title\" content=\"Impressum - FRAMO eTrucks\" \/>\n<meta property=\"og:description\" content=\"Dieses Unternehmen wird aus Mitteln des europ\u00e4ischen Sozialfonds (ESF-Th\u00fcringen) und dem Land Th\u00fcringen (Th\u00fcringer Ministerium f\u00fcr Wirtschaft, Wissenschaft und digitale Gesellschaft) gef\u00f6rdert. Besucheradresse und Lieferanschrift: FRAMO GmbHLeedenstra\u00dfe 204626 L\u00f6bichau Sitz des Unternehmens: FRAMO GmbHLeedenstra\u00dfe 204626 L\u00f6bichau Angaben gem\u00e4\u00df \u00a7 5 TMG: FRAMO GmbHLeedenstra\u00dfe 204626 L\u00f6bichau \/ Th\u00fcringen \/ Deutschland Vertreten durch den Gesch\u00e4ftsf\u00fchrer: Makmie Jebrahim [&hellip;]\" \/>\n<meta property=\"og:url\" content=\"https:\/\/www.framo-eway.com\/de\/impressum\/\" \/>\n<meta property=\"og:site_name\" content=\"FRAMO eTrucks\" \/>\n<meta property=\"article:publisher\" content=\"https:\/\/www.facebook.com\/DriveYourEWay\/\" \/>\n<meta property=\"article:modified_time\" content=\"2023-12-21T09:19:58+00:00\" \/>\n<meta property=\"og:image\" content=\"https:\/\/www.framo-eway.com\/wp-content\/uploads\/2021\/12\/46161809_1878457262272986_8098737508981932032_n-scaled.jpg\" \/>\n\t<meta property=\"og:image:width\" content=\"2560\" \/>\n\t<meta property=\"og:image:height\" content=\"974\" \/>\n\t<meta property=\"og:image:type\" content=\"image\/jpeg\" \/>\n<meta name=\"twitter:card\" content=\"summary_large_image\" \/>\n<meta name=\"twitter:site\" content=\"@ewayframo\" \/>\n<meta name=\"twitter:label1\" content=\"Gesch\u00e4tzte Lesezeit\" \/>\n\t<meta name=\"twitter:data1\" content=\"1\u00a0Minute\" \/>\n<script type=\"application\/ld+json\" class=\"yoast-schema-graph\">{\"@context\":\"https:\/\/schema.org\",\"@graph\":[{\"@type\":\"WebPage\",\"@id\":\"https:\/\/www.framo-eway.com\/de\/impressum\/\",\"url\":\"https:\/\/www.framo-eway.com\/de\/impressum\/\",\"name\":\"Impressum - FRAMO eTrucks\",\"isPartOf\":{\"@id\":\"https:\/\/www.framo-eway.com\/de\/#website\"},\"datePublished\":\"2018-09-12T13:26:53+00:00\",\"dateModified\":\"2023-12-21T09:19:58+00:00\",\"breadcrumb\":{\"@id\":\"https:\/\/www.framo-eway.com\/de\/impressum\/#breadcrumb\"},\"inLanguage\":\"de\",\"potentialAction\":[{\"@type\":\"ReadAction\",\"target\":[\"https:\/\/www.framo-eway.com\/de\/impressum\/\"]}]},{\"@type\":\"BreadcrumbList\",\"@id\":\"https:\/\/www.framo-eway.com\/de\/impressum\/#breadcrumb\",\"itemListElement\":[{\"@type\":\"ListItem\",\"position\":1,\"name\":\"Home\",\"item\":\"https:\/\/www.framo-eway.com\/de\/\"},{\"@type\":\"ListItem\",\"position\":2,\"name\":\"Impressum\"}]},{\"@type\":\"WebSite\",\"@id\":\"https:\/\/www.framo-eway.com\/de\/#website\",\"url\":\"https:\/\/www.framo-eway.com\/de\/\",\"name\":\"FRAMO eTrucks\",\"description\":\"Drive your eWay\",\"publisher\":{\"@id\":\"https:\/\/www.framo-eway.com\/de\/#organization\"},\"potentialAction\":[{\"@type\":\"SearchAction\",\"target\":{\"@type\":\"EntryPoint\",\"urlTemplate\":\"https:\/\/www.framo-eway.com\/de\/?s={search_term_string}\"},\"query-input\":\"required name=search_term_string\"}],\"inLanguage\":\"de\"},{\"@type\":\"Organization\",\"@id\":\"https:\/\/www.framo-eway.com\/de\/#organization\",\"name\":\"FRAMO GmbH\",\"url\":\"https:\/\/www.framo-eway.com\/de\/\",\"logo\":{\"@type\":\"ImageObject\",\"inLanguage\":\"de\",\"@id\":\"https:\/\/www.framo-eway.com\/de\/#\/schema\/logo\/image\/\",\"url\":\"https:\/\/www.framo-eway.com\/wp-content\/uploads\/2021\/12\/favicon.png\",\"contentUrl\":\"https:\/\/www.framo-eway.com\/wp-content\/uploads\/2021\/12\/favicon.png\",\"width\":100,\"height\":100,\"caption\":\"FRAMO GmbH\"},\"image\":{\"@id\":\"https:\/\/www.framo-eway.com\/de\/#\/schema\/logo\/image\/\"},\"sameAs\":[\"https:\/\/www.instagram.com\/framo_eway\/\",\"https:\/\/www.linkedin.com\/company\/framo-gmbh\/\",\"https:\/\/www.youtube.com\/channel\/UCC04KAkGMDQkg_zNopupgew\",\"https:\/\/de.wikipedia.org\/wiki\/Framo\",\"https:\/\/www.facebook.com\/DriveYourEWay\/\",\"https:\/\/twitter.com\/ewayframo\"]}]}<\/script>\n<!-- \/ Yoast SEO plugin. -->","yoast_head_json":{"title":"Impressum - FRAMO eTrucks","robots":{"index":"noindex","follow":"nofollow"},"og_locale":"de_DE","og_type":"article","og_title":"Impressum - FRAMO eTrucks","og_description":"Dieses Unternehmen wird aus Mitteln des europ\u00e4ischen Sozialfonds (ESF-Th\u00fcringen) und dem Land Th\u00fcringen (Th\u00fcringer Ministerium f\u00fcr Wirtschaft, Wissenschaft und digitale Gesellschaft) gef\u00f6rdert. Besucheradresse und Lieferanschrift: FRAMO GmbHLeedenstra\u00dfe 204626 L\u00f6bichau Sitz des Unternehmens: FRAMO GmbHLeedenstra\u00dfe 204626 L\u00f6bichau Angaben gem\u00e4\u00df \u00a7 5 TMG: FRAMO GmbHLeedenstra\u00dfe 204626 L\u00f6bichau \/ Th\u00fcringen \/ Deutschland Vertreten durch den Gesch\u00e4ftsf\u00fchrer: Makmie Jebrahim [&hellip;]","og_url":"https:\/\/www.framo-eway.com\/de\/impressum\/","og_site_name":"FRAMO eTrucks","article_publisher":"https:\/\/www.facebook.com\/DriveYourEWay\/","article_modified_time":"2023-12-21T09:19:58+00:00","og_image":[{"width":2560,"height":974,"url":"https:\/\/www.framo-eway.com\/wp-content\/uploads\/2021\/12\/46161809_1878457262272986_8098737508981932032_n-scaled.jpg","type":"image\/jpeg"}],"twitter_card":"summary_large_image","twitter_site":"@ewayframo","twitter_misc":{"Gesch\u00e4tzte Lesezeit":"1\u00a0Minute"},"schema":{"@context":"https:\/\/schema.org","@graph":[{"@type":"WebPage","@id":"https:\/\/www.framo-eway.com\/de\/impressum\/","url":"https:\/\/www.framo-eway.com\/de\/impressum\/","name":"Impressum - FRAMO eTrucks","isPartOf":{"@id":"https:\/\/www.framo-eway.com\/de\/#website"},"datePublished":"2018-09-12T13:26:53+00:00","dateModified":"2023-12-21T09:19:58+00:00","breadcrumb":{"@id":"https:\/\/www.framo-eway.com\/de\/impressum\/#breadcrumb"},"inLanguage":"de","potentialAction":[{"@type":"ReadAction","target":["https:\/\/www.framo-eway.com\/de\/impressum\/"]}]},{"@type":"BreadcrumbList","@id":"https:\/\/www.framo-eway.com\/de\/impressum\/#breadcrumb","itemListElement":[{"@type":"ListItem","position":1,"name":"Home","item":"https:\/\/www.framo-eway.com\/de\/"},{"@type":"ListItem","position":2,"name":"Impressum"}]},{"@type":"WebSite","@id":"https:\/\/www.framo-eway.com\/de\/#website","url":"https:\/\/www.framo-eway.com\/de\/","name":"FRAMO eTrucks","description":"Drive your eWay","publisher":{"@id":"https:\/\/www.framo-eway.com\/de\/#organization"},"potentialAction":[{"@type":"SearchAction","target":{"@type":"EntryPoint","urlTemplate":"https:\/\/www.framo-eway.com\/de\/?s={search_term_string}"},"query-input":"required name=search_term_string"}],"inLanguage":"de"},{"@type":"Organization","@id":"https:\/\/www.framo-eway.com\/de\/#organization","name":"FRAMO GmbH","url":"https:\/\/www.framo-eway.com\/de\/","logo":{"@type":"ImageObject","inLanguage":"de","@id":"https:\/\/www.framo-eway.com\/de\/#\/schema\/logo\/image\/","url":"https:\/\/www.framo-eway.com\/wp-content\/uploads\/2021\/12\/favicon.png","contentUrl":"https:\/\/www.framo-eway.com\/wp-content\/uploads\/2021\/12\/favicon.png","width":100,"height":100,"caption":"FRAMO GmbH"},"image":{"@id":"https:\/\/www.framo-eway.com\/de\/#\/schema\/logo\/image\/"},"sameAs":["https:\/\/www.instagram.com\/framo_eway\/","https:\/\/www.linkedin.com\/company\/framo-gmbh\/","https:\/\/www.youtube.com\/channel\/UCC04KAkGMDQkg_zNopupgew","https:\/\/de.wikipedia.org\/wiki\/Framo","https:\/\/www.facebook.com\/DriveYourEWay\/","https:\/\/twitter.com\/ewayframo"]}]}},"_links":{"self":[{"href":"https:\/\/www.framo-eway.com\/de\/wp-json\/wp\/v2\/pages\/806"}],"collection":[{"href":"https:\/\/www.framo-eway.com\/de\/wp-json\/wp\/v2\/pages"}],"about":[{"href":"https:\/\/www.framo-eway.com\/de\/wp-json\/wp\/v2\/types\/page"}],"author":[{"embeddable":true,"href":"https:\/\/www.framo-eway.com\/de\/wp-json\/wp\/v2\/users\/1"}],"replies":[{"embeddable":true,"href":"https:\/\/www.framo-eway.com\/de\/wp-json\/wp\/v2\/comments?post=806"}],"version-history":[{"count":11,"href":"https:\/\/www.framo-eway.com\/de\/wp-json\/wp\/v2\/pages\/806\/revisions"}],"predecessor-version":[{"id":3765,"href":"https:\/\/www.framo-eway.com\/de\/wp-json\/wp\/v2\/pages\/806\/revisions\/3765"}],"wp:attachment":[{"href":"https:\/\/www.framo-eway.com\/de\/wp-json\/wp\/v2\/media?parent=806"}],"curies":[{"name":"wp","href":"https:\/\/api.w.org\/{rel}","templated":true}]}}